{"id":3,"date":"2025-09-03T14:04:27","date_gmt":"2025-09-03T14:04:27","guid":{"rendered":"http:\/\/www.kellal.louisst.o2switch.site\/ddg\/?page_id=3"},"modified":"2025-10-02T09:09:09","modified_gmt":"2025-10-02T07:09:09","slug":"privacy-policy","status":"publish","type":"page","link":"https:\/\/www.kellal.louisst.o2switch.site\/ddg\/privacy-policy\/","title":{"rendered":"Politique de confidentialit\u00e9"},"content":{"rendered":"\n<h2 class=\"wp-block-heading\">Qui sommes-nous ?<\/h2>\n\n\n\n<p class=\"has-ast-global-color-8-color has-text-color has-link-color wp-elements-b6c1d93fd0d1f35691d66075222a8a65\">L&rsquo;adresse de notre site web est : http:\/\/www.kellal.louisst.o2switch.site\/ddg.<\/p>\n\n\n\n<h2 class=\"wp-block-heading\">Commentaires<\/h2>\n\n\n\n<p class=\"has-ast-global-color-8-color has-text-color has-link-color wp-elements-fa99e14a94f0c941c2fdbd939c4db22a\">Lorsque les visiteurs laissent des commentaires sur le site, nous recueillons les donn\u00e9es indiqu\u00e9es dans le formulaire de commentaires, ainsi que l&rsquo;adresse IP du visiteur et la cha\u00eene de l&rsquo;agent utilisateur du navigateur afin de d\u00e9tecter les spams.<\/p>\n\n\n\n<p class=\"has-ast-global-color-8-color has-text-color has-link-color wp-elements-d536e2e799650481740d1dc718acc5b3\">Une cha\u00eene anonymis\u00e9e cr\u00e9\u00e9e \u00e0 partir de votre adresse e-mail (\u00e9galement appel\u00e9e \u00ab hash \u00bb) peut \u00eatre fournie au service Gravatar afin de v\u00e9rifier si vous l&rsquo;utilisez. La politique de confidentialit\u00e9 du service Gravatar est disponible ici : https:\/\/automattic.com\/privacy\/. Une fois votre commentaire approuv\u00e9, votre photo de profil sera visible par le public dans le contexte de votre commentaire.<\/p>\n\n\n\n<h2 class=\"wp-block-heading\">Media<\/h2>\n\n\n\n<p class=\"has-ast-global-color-8-color has-text-color has-link-color wp-elements-0502aa26689f8f4697c7981e303c3b1a\">Si vous t\u00e9l\u00e9chargez des images sur le site web, vous devez \u00e9viter de t\u00e9l\u00e9charger des images contenant des donn\u00e9es de localisation int\u00e9gr\u00e9es (EXIF GPS). Les visiteurs du site web peuvent t\u00e9l\u00e9charger et extraire toutes les donn\u00e9es de localisation des images pr\u00e9sentes sur le site web.<\/p>\n\n\n\n<h2 class=\"wp-block-heading\">Cookies<\/h2>\n\n\n\n<p class=\"has-ast-global-color-8-color has-text-color has-link-color wp-elements-0e1dc81d3f00347bee06712c574c7348\">Si vous laissez un commentaire sur notre site, vous pouvez choisir d&rsquo;enregistrer votre nom, votre adresse e-mail et votre site web dans des cookies. Ceux-ci sont destin\u00e9s \u00e0 vous faciliter la t\u00e2che afin que vous n&rsquo;ayez pas \u00e0 remplir \u00e0 nouveau vos coordonn\u00e9es lorsque vous laissez un autre commentaire. Ces cookies ont une dur\u00e9e de vie d&rsquo;un an.ve another comment. These cookies will last for one year.<\/p>\n\n\n\n<p class=\"has-ast-global-color-8-color has-text-color has-link-color wp-elements-faf9ecbffe352e4dab751205ab31fd79\">Si vous visitez notre page de connexion, nous installerons un cookie temporaire afin de d\u00e9terminer si votre navigateur accepte les cookies. Ce cookie ne contient aucune donn\u00e9e personnelle et est supprim\u00e9 lorsque vous fermez votre navigateur.<\/p>\n\n\n\n<p class=\"has-ast-global-color-8-color has-text-color has-link-color wp-elements-6a7adae7e4963b03d5ff1a8b94a1fcfb\">Lorsque vous vous connectez, nous installons \u00e9galement plusieurs cookies afin d&rsquo;enregistrer vos informations de connexion et vos pr\u00e9f\u00e9rences d&rsquo;affichage \u00e0 l&rsquo;\u00e9cran. Les cookies de connexion ont une dur\u00e9e de vie de deux jours, tandis que les cookies d&rsquo;options d&rsquo;affichage ont une dur\u00e9e de vie d&rsquo;un an. Si vous s\u00e9lectionnez \u00ab Se souvenir de moi \u00bb, votre connexion sera conserv\u00e9e pendant deux semaines. Si vous vous d\u00e9connectez de votre compte, les cookies de connexion seront supprim\u00e9s.<\/p>\n\n\n\n<p class=\"has-ast-global-color-8-color has-text-color has-link-color wp-elements-e5471b242eb9778514056b9a83e31be4\">Si vous modifiez ou publiez un article, un cookie suppl\u00e9mentaire sera enregistr\u00e9 dans votre navigateur. Ce cookie ne contient aucune donn\u00e9e personnelle et indique simplement l&rsquo;identifiant de l&rsquo;article que vous venez de modifier. Il expire apr\u00e8s 1 jour.<\/p>\n\n\n\n<h2 class=\"wp-block-heading\">Contenu int\u00e9gr\u00e9 provenant d&rsquo;autres sites web<\/h2>\n\n\n\n<p class=\"has-ast-global-color-8-color has-text-color has-link-color wp-elements-fcfa7b9beed7ec9bf0c2b854d6561a34\">Les articles de ce site peuvent inclure du contenu int\u00e9gr\u00e9 (par exemple, des vid\u00e9os, des images, des articles, etc.). Le contenu int\u00e9gr\u00e9 provenant d&rsquo;autres sites web se comporte exactement de la m\u00eame mani\u00e8re que si le visiteur avait visit\u00e9 l&rsquo;autre site web.<\/p>\n\n\n\n<p class=\"has-ast-global-color-8-color has-text-color has-link-color wp-elements-89cfe84c77a1b34a986207fad20ceea4\">Ces sites web peuvent collecter des donn\u00e9es vous concernant, utiliser des cookies, int\u00e9grer un suivi suppl\u00e9mentaire par des tiers et surveiller votre interaction avec ce contenu int\u00e9gr\u00e9, y compris le suivi de votre interaction avec le contenu int\u00e9gr\u00e9 si vous avez un compte et \u00eates connect\u00e9 \u00e0 ce site web.<\/p>\n\n\n\n<h2 class=\"wp-block-heading\">Avec qui nous partageons vos donn\u00e9es<\/h2>\n\n\n\n<p class=\"has-ast-global-color-8-color has-text-color has-link-color wp-elements-4a596c6d73c3a080a501f11b9cd8da1d\">Si vous demandez une r\u00e9initialisation de mot de passe, votre adresse IP sera incluse dans l&rsquo;e-mail de r\u00e9initialisation.<\/p>\n\n\n\n<h2 class=\"wp-block-heading\">Combien de temps nous conservons vos donn\u00e9es<\/h2>\n\n\n\n<p class=\"has-ast-global-color-8-color has-text-color has-link-color wp-elements-2a6b149ebdf84b797d675e34080c3474\">Si vous laissez un commentaire, le commentaire et ses m\u00e9tadonn\u00e9es sont conserv\u00e9s ind\u00e9finiment. Cela nous permet de reconna\u00eetre et d&rsquo;approuver automatiquement les commentaires suivants au lieu de les placer dans une file d&rsquo;attente de mod\u00e9ration.<\/p>\n\n\n\n<p class=\"has-ast-global-color-8-color has-text-color has-link-color wp-elements-13641f3e6514978c6be1f373f537ebca\">Pour les utilisateurs qui s&rsquo;inscrivent sur notre site web (le cas \u00e9ch\u00e9ant), nous conservons \u00e9galement les informations personnelles qu&rsquo;ils fournissent dans leur profil d&rsquo;utilisateur. Tous les utilisateurs peuvent consulter, modifier ou supprimer leurs informations personnelles \u00e0 tout moment (\u00e0 l&rsquo;exception de leur nom d&rsquo;utilisateur, qu&rsquo;ils ne peuvent pas modifier). Les administrateurs du site web peuvent \u00e9galement consulter et modifier ces informations.<\/p>\n\n\n\n<h2 class=\"wp-block-heading\">Quels sont vos droits sur vos donn\u00e9es ?<\/h2>\n\n\n\n<p class=\"has-ast-global-color-8-color has-text-color has-link-color wp-elements-89fb8fa6af34710b8b4aaa5fb8a269b1\">Si vous avez un compte sur ce site ou si vous avez laiss\u00e9 des commentaires, vous pouvez demander \u00e0 recevoir un fichier export\u00e9 contenant les donn\u00e9es personnelles que nous d\u00e9tenons \u00e0 votre sujet, y compris toutes les donn\u00e9es que vous nous avez fournies. Vous pouvez \u00e9galement demander que nous effacions toutes les donn\u00e9es personnelles que nous d\u00e9tenons \u00e0 votre sujet. Cela n&rsquo;inclut pas les donn\u00e9es que nous sommes tenus de conserver \u00e0 des fins administratives, juridiques ou de s\u00e9curit\u00e9.<\/p>\n\n\n\n<h2 class=\"wp-block-heading\">O\u00f9 sont envoy\u00e9es vos donn\u00e9es ?<\/h2>\n\n\n\n<p class=\"has-ast-global-color-8-color has-text-color has-link-color wp-elements-b901217ee3cbbc01435750b0675a75a5\">Les commentaires des visiteurs peuvent \u00eatre v\u00e9rifi\u00e9s par un service automatis\u00e9 de d\u00e9tection des spams.<\/p>\n\n\n\n<p><a href=\"https:\/\/www.kellal.louisst.o2switch.site\/ddg\/wp-admin\/edit.php?post_type=page\"><\/a><\/p>\n\n\n\n<p><\/p>\n","protected":false},"excerpt":{"rendered":"<p>Qui sommes-nous ? L&rsquo;adresse de notre site web est : http:\/\/www.kellal.louisst.o2switch.site\/ddg. Commentaires Lorsque les visiteurs laissent des commentaires sur le [&hellip;]<\/p>\n","protected":false},"author":1,"featured_media":0,"parent":0,"menu_order":0,"comment_status":"closed","ping_status":"open","template":"","meta":{"_uag_custom_page_level_css":"","site-sidebar-layout":"default","site-content-layout":"","ast-site-content-layout":"default","site-content-style":"default","site-sidebar-style":"default","ast-global-header-display":"","ast-banner-title-visibility":"","ast-main-header-display":"","ast-hfb-above-header-display":"","ast-hfb-below-header-display":"","ast-hfb-mobile-header-display":"","site-post-title":"","ast-breadcrumbs-content":"","ast-featured-img":"","footer-sml-layout":"","theme-transparent-header-meta":"","adv-header-id-meta":"","stick-header-meta":"","header-above-stick-meta":"","header-main-stick-meta":"","header-below-stick-meta":"","astra-migrate-meta-layouts":"default","ast-page-background-enabled":"default","ast-page-background-meta":{"desktop":{"background-color":"var(--ast-global-color-5)","background-image":"","background-repeat":"repeat","background-position":"center center","background-size":"auto","background-attachment":"scroll","background-type":"","background-media":"","overlay-type":"","overlay-color":"","overlay-opacity":"","overlay-gradient":""},"tablet":{"background-color":"","background-image":"","background-repeat":"repeat","background-position":"center center","background-size":"auto","background-attachment":"scroll","background-type":"","background-media":"","overlay-type":"","overlay-color":"","overlay-opacity":"","overlay-gradient":""},"mobile":{"background-color":"","background-image":"","background-repeat":"repeat","background-position":"center center","background-size":"auto","background-attachment":"scroll","background-type":"","background-media":"","overlay-type":"","overlay-color":"","overlay-opacity":"","overlay-gradient":""}},"ast-content-background-meta":{"desktop":{"background-color":"var(--ast-global-color-4)","background-image":"","background-repeat":"repeat","background-position":"center center","background-size":"auto","background-attachment":"scroll","background-type":"","background-media":"","overlay-type":"","overlay-color":"","overlay-opacity":"","overlay-gradient":""},"tablet":{"background-color":"var(--ast-global-color-4)","background-image":"","background-repeat":"repeat","background-position":"center center","background-size":"auto","background-attachment":"scroll","background-type":"","background-media":"","overlay-type":"","overlay-color":"","overlay-opacity":"","overlay-gradient":""},"mobile":{"background-color":"var(--ast-global-color-4)","background-image":"","background-repeat":"repeat","background-position":"center center","background-size":"auto","background-attachment":"scroll","background-type":"","background-media":"","overlay-type":"","overlay-color":"","overlay-opacity":"","overlay-gradient":""}},"footnotes":""},"class_list":["post-3","page","type-page","status-publish","hentry"],"yoast_head":"<!-- This site is optimized with the Yoast SEO plugin v26.6 - https:\/\/yoast.com\/wordpress\/plugins\/seo\/ -->\n<title>Politique de confidentialit\u00e9 -<\/title>\n<meta name=\"robots\" content=\"index, follow, max-snippet:-1, max-image-preview:large, max-video-preview:-1\" \/>\n<link rel=\"canonical\" href=\"https:\/\/www.kellal.louisst.o2switch.site\/ddg\/privacy-policy\/\" \/>\n<meta property=\"og:locale\" content=\"fr_FR\" \/>\n<meta property=\"og:type\" content=\"article\" \/>\n<meta property=\"og:title\" content=\"Politique de confidentialit\u00e9 -\" \/>\n<meta property=\"og:description\" content=\"Qui sommes-nous ? L&rsquo;adresse de notre site web est : http:\/\/www.kellal.louisst.o2switch.site\/ddg. Commentaires Lorsque les visiteurs laissent des commentaires sur le [&hellip;]\" \/>\n<meta property=\"og:url\" content=\"https:\/\/www.kellal.louisst.o2switch.site\/ddg\/privacy-policy\/\" \/>\n<meta property=\"article:modified_time\" content=\"2025-10-02T07:09:09+00:00\" \/>\n<meta name=\"twitter:card\" content=\"summary_large_image\" \/>\n<meta name=\"twitter:label1\" content=\"Dur\u00e9e de lecture estim\u00e9e\" \/>\n\t<meta name=\"twitter:data1\" content=\"4 minutes\" \/>\n<script type=\"application\/ld+json\" class=\"yoast-schema-graph\">{\"@context\":\"https:\/\/schema.org\",\"@graph\":[{\"@type\":\"WebPage\",\"@id\":\"https:\/\/www.kellal.louisst.o2switch.site\/ddg\/privacy-policy\/\",\"url\":\"https:\/\/www.kellal.louisst.o2switch.site\/ddg\/privacy-policy\/\",\"name\":\"Politique de confidentialit\u00e9 -\",\"isPartOf\":{\"@id\":\"https:\/\/www.kellal.louisst.o2switch.site\/ddg\/#website\"},\"datePublished\":\"2025-09-03T14:04:27+00:00\",\"dateModified\":\"2025-10-02T07:09:09+00:00\",\"breadcrumb\":{\"@id\":\"https:\/\/www.kellal.louisst.o2switch.site\/ddg\/privacy-policy\/#breadcrumb\"},\"inLanguage\":\"fr-FR\",\"potentialAction\":[{\"@type\":\"ReadAction\",\"target\":[\"https:\/\/www.kellal.louisst.o2switch.site\/ddg\/privacy-policy\/\"]}]},{\"@type\":\"BreadcrumbList\",\"@id\":\"https:\/\/www.kellal.louisst.o2switch.site\/ddg\/privacy-policy\/#breadcrumb\",\"itemListElement\":[{\"@type\":\"ListItem\",\"position\":1,\"name\":\"Accueil\",\"item\":\"https:\/\/www.kellal.louisst.o2switch.site\/ddg\/\"},{\"@type\":\"ListItem\",\"position\":2,\"name\":\"Politique de confidentialit\u00e9\"}]},{\"@type\":\"WebSite\",\"@id\":\"https:\/\/www.kellal.louisst.o2switch.site\/ddg\/#website\",\"url\":\"https:\/\/www.kellal.louisst.o2switch.site\/ddg\/\",\"name\":\"\",\"description\":\"Les meilleures lyonnaiseries de la ville\",\"potentialAction\":[{\"@type\":\"SearchAction\",\"target\":{\"@type\":\"EntryPoint\",\"urlTemplate\":\"https:\/\/www.kellal.louisst.o2switch.site\/ddg\/?s={search_term_string}\"},\"query-input\":{\"@type\":\"PropertyValueSpecification\",\"valueRequired\":true,\"valueName\":\"search_term_string\"}}],\"inLanguage\":\"fr-FR\"}]}<\/script>\n<!-- \/ Yoast SEO plugin. -->","yoast_head_json":{"title":"Politique de confidentialit\u00e9 -","robots":{"index":"index","follow":"follow","max-snippet":"max-snippet:-1","max-image-preview":"max-image-preview:large","max-video-preview":"max-video-preview:-1"},"canonical":"https:\/\/www.kellal.louisst.o2switch.site\/ddg\/privacy-policy\/","og_locale":"fr_FR","og_type":"article","og_title":"Politique de confidentialit\u00e9 -","og_description":"Qui sommes-nous ? L&rsquo;adresse de notre site web est : http:\/\/www.kellal.louisst.o2switch.site\/ddg. Commentaires Lorsque les visiteurs laissent des commentaires sur le [&hellip;]","og_url":"https:\/\/www.kellal.louisst.o2switch.site\/ddg\/privacy-policy\/","article_modified_time":"2025-10-02T07:09:09+00:00","twitter_card":"summary_large_image","twitter_misc":{"Dur\u00e9e de lecture estim\u00e9e":"4 minutes"},"schema":{"@context":"https:\/\/schema.org","@graph":[{"@type":"WebPage","@id":"https:\/\/www.kellal.louisst.o2switch.site\/ddg\/privacy-policy\/","url":"https:\/\/www.kellal.louisst.o2switch.site\/ddg\/privacy-policy\/","name":"Politique de confidentialit\u00e9 -","isPartOf":{"@id":"https:\/\/www.kellal.louisst.o2switch.site\/ddg\/#website"},"datePublished":"2025-09-03T14:04:27+00:00","dateModified":"2025-10-02T07:09:09+00:00","breadcrumb":{"@id":"https:\/\/www.kellal.louisst.o2switch.site\/ddg\/privacy-policy\/#breadcrumb"},"inLanguage":"fr-FR","potentialAction":[{"@type":"ReadAction","target":["https:\/\/www.kellal.louisst.o2switch.site\/ddg\/privacy-policy\/"]}]},{"@type":"BreadcrumbList","@id":"https:\/\/www.kellal.louisst.o2switch.site\/ddg\/privacy-policy\/#breadcrumb","itemListElement":[{"@type":"ListItem","position":1,"name":"Accueil","item":"https:\/\/www.kellal.louisst.o2switch.site\/ddg\/"},{"@type":"ListItem","position":2,"name":"Politique de confidentialit\u00e9"}]},{"@type":"WebSite","@id":"https:\/\/www.kellal.louisst.o2switch.site\/ddg\/#website","url":"https:\/\/www.kellal.louisst.o2switch.site\/ddg\/","name":"","description":"Les meilleures lyonnaiseries de la ville","potentialAction":[{"@type":"SearchAction","target":{"@type":"EntryPoint","urlTemplate":"https:\/\/www.kellal.louisst.o2switch.site\/ddg\/?s={search_term_string}"},"query-input":{"@type":"PropertyValueSpecification","valueRequired":true,"valueName":"search_term_string"}}],"inLanguage":"fr-FR"}]}},"uagb_featured_image_src":{"full":false,"thumbnail":false,"medium":false,"medium_large":false,"large":false,"1536x1536":false,"2048x2048":false},"uagb_author_info":{"display_name":"admin","author_link":"https:\/\/www.kellal.louisst.o2switch.site\/ddg\/author\/admin\/"},"uagb_comment_info":0,"uagb_excerpt":"Qui sommes-nous ? L&rsquo;adresse de notre site web est : http:\/\/www.kellal.louisst.o2switch.site\/ddg. Commentaires Lorsque les visiteurs laissent des commentaires sur le [&hellip;]","_links":{"self":[{"href":"https:\/\/www.kellal.louisst.o2switch.site\/ddg\/wp-json\/wp\/v2\/pages\/3","targetHints":{"allow":["GET"]}}],"collection":[{"href":"https:\/\/www.kellal.louisst.o2switch.site\/ddg\/wp-json\/wp\/v2\/pages"}],"about":[{"href":"https:\/\/www.kellal.louisst.o2switch.site\/ddg\/wp-json\/wp\/v2\/types\/page"}],"author":[{"embeddable":true,"href":"https:\/\/www.kellal.louisst.o2switch.site\/ddg\/wp-json\/wp\/v2\/users\/1"}],"replies":[{"embeddable":true,"href":"https:\/\/www.kellal.louisst.o2switch.site\/ddg\/wp-json\/wp\/v2\/comments?post=3"}],"version-history":[{"count":3,"href":"https:\/\/www.kellal.louisst.o2switch.site\/ddg\/wp-json\/wp\/v2\/pages\/3\/revisions"}],"predecessor-version":[{"id":164,"href":"https:\/\/www.kellal.louisst.o2switch.site\/ddg\/wp-json\/wp\/v2\/pages\/3\/revisions\/164"}],"wp:attachment":[{"href":"https:\/\/www.kellal.louisst.o2switch.site\/ddg\/wp-json\/wp\/v2\/media?parent=3"}],"curies":[{"name":"wp","href":"https:\/\/api.w.org\/{rel}","templated":true}]}}