{"id":9,"date":"2024-09-25T12:29:36","date_gmt":"2024-09-25T12:29:36","guid":{"rendered":"https:\/\/www.kellal.louisst.o2switch.site\/blog\/?page_id=9"},"modified":"2024-11-13T10:37:41","modified_gmt":"2024-11-13T10:37:41","slug":"formation","status":"publish","type":"page","link":"https:\/\/www.kellal.louisst.o2switch.site\/blog\/formation\/","title":{"rendered":"Formation"},"content":{"rendered":"\n<p><strong> Ma Formation en BTS NDRC<\/strong> : <\/p>\n\n\n\n<p style=\"font-style:normal;font-weight:300\">Je suis actuellement en premi\u00e8re ann\u00e9e de <strong>BTS N\u00e9gociation et Digitalisation de la Relation Client (NDRC)<\/strong> au <strong>Campus Sup Alta<\/strong> \u00e0 Lyon. Ce programme est con\u00e7u pour former des professionnels capables de g\u00e9rer la relation client de mani\u00e8re moderne, en int\u00e9grant les outils digitaux indispensables aujourd\u2019hui.<\/p>\n\n\n\n<p><br>Le Campus Sup Alta \u00e0 Lyon me permet de b\u00e9n\u00e9ficier d\u2019un cadre moderne et dynamique, o\u00f9 je peux \u00e9changer avec des formateurs exp\u00e9riment\u00e9s et des professionnels du secteur. Cette formation est pour moi un v\u00e9ritable tremplin vers des m\u00e9tiers comme conseiller client, charg\u00e9 de d\u00e9veloppement commercial, ou encore manager de la relation client.<\/p>\n\n\n\n<figure class=\"wp-block-embed is-type-video is-provider-youtube wp-block-embed-youtube wp-embed-aspect-16-9 wp-has-aspect-ratio\"><div class=\"wp-block-embed__wrapper\">\n<div class=\"ast-oembed-container \" style=\"height: 100%;\"><iframe loading=\"lazy\" title=\"Le BTS NDRC - Thotis\" width=\"500\" height=\"281\" src=\"https:\/\/www.youtube.com\/embed\/OaLBP1WUR9Y?feature=oembed\" frameborder=\"0\" allow=\"accelerometer; autoplay; clipboard-write; encrypted-media; gyroscope; picture-in-picture; web-share\" referrerpolicy=\"strict-origin-when-cross-origin\" allowfullscreen><\/iframe><\/div>\n<\/div><\/figure>\n\n\n\n<p><\/p>\n","protected":false},"excerpt":{"rendered":"<p>Ma Formation en BTS NDRC : Je suis actuellement en premi\u00e8re ann\u00e9e de BTS N\u00e9gociation et Digitalisation de la Relation [&hellip;]<\/p>\n","protected":false},"author":1,"featured_media":0,"parent":0,"menu_order":0,"comment_status":"closed","ping_status":"closed","template":"","meta":{"_uag_custom_page_level_css":"","site-sidebar-layout":"default","site-content-layout":"","ast-site-content-layout":"","site-content-style":"default","site-sidebar-style":"default","ast-global-header-display":"","ast-banner-title-visibility":"","ast-main-header-display":"","ast-hfb-above-header-display":"","ast-hfb-below-header-display":"","ast-hfb-mobile-header-display":"","site-post-title":"","ast-breadcrumbs-content":"","ast-featured-img":"","footer-sml-layout":"","theme-transparent-header-meta":"","adv-header-id-meta":"","stick-header-meta":"","header-above-stick-meta":"","header-main-stick-meta":"","header-below-stick-meta":"","astra-migrate-meta-layouts":"default","ast-page-background-enabled":"default","ast-page-background-meta":{"desktop":{"background-color":"var(--ast-global-color-4)","background-image":"","background-repeat":"repeat","background-position":"center center","background-size":"auto","background-attachment":"scroll","background-type":"","background-media":"","overlay-type":"","overlay-color":"","overlay-opacity":"","overlay-gradient":""},"tablet":{"background-color":"","background-image":"","background-repeat":"repeat","background-position":"center center","background-size":"auto","background-attachment":"scroll","background-type":"","background-media":"","overlay-type":"","overlay-color":"","overlay-opacity":"","overlay-gradient":""},"mobile":{"background-color":"","background-image":"","background-repeat":"repeat","background-position":"center center","background-size":"auto","background-attachment":"scroll","background-type":"","background-media":"","overlay-type":"","overlay-color":"","overlay-opacity":"","overlay-gradient":""}},"ast-content-background-meta":{"desktop":{"background-color":"var(--ast-global-color-5)","background-image":"","background-repeat":"repeat","background-position":"center center","background-size":"auto","background-attachment":"scroll","background-type":"","background-media":"","overlay-type":"","overlay-color":"","overlay-opacity":"","overlay-gradient":""},"tablet":{"background-color":"var(--ast-global-color-5)","background-image":"","background-repeat":"repeat","background-position":"center center","background-size":"auto","background-attachment":"scroll","background-type":"","background-media":"","overlay-type":"","overlay-color":"","overlay-opacity":"","overlay-gradient":""},"mobile":{"background-color":"var(--ast-global-color-5)","background-image":"","background-repeat":"repeat","background-position":"center center","background-size":"auto","background-attachment":"scroll","background-type":"","background-media":"","overlay-type":"","overlay-color":"","overlay-opacity":"","overlay-gradient":""}},"footnotes":""},"class_list":["post-9","page","type-page","status-publish","hentry"],"uagb_featured_image_src":{"full":false,"thumbnail":false,"medium":false,"medium_large":false,"large":false,"1536x1536":false,"2048x2048":false},"uagb_author_info":{"display_name":"admin","author_link":"https:\/\/www.kellal.louisst.o2switch.site\/blog\/author\/admin\/"},"uagb_comment_info":0,"uagb_excerpt":"Ma Formation en BTS NDRC : Je suis actuellement en premi\u00e8re ann\u00e9e de BTS N\u00e9gociation et Digitalisation de la Relation [&hellip;]","_links":{"self":[{"href":"https:\/\/www.kellal.louisst.o2switch.site\/blog\/wp-json\/wp\/v2\/pages\/9","targetHints":{"allow":["GET"]}}],"collection":[{"href":"https:\/\/www.kellal.louisst.o2switch.site\/blog\/wp-json\/wp\/v2\/pages"}],"about":[{"href":"https:\/\/www.kellal.louisst.o2switch.site\/blog\/wp-json\/wp\/v2\/types\/page"}],"author":[{"embeddable":true,"href":"https:\/\/www.kellal.louisst.o2switch.site\/blog\/wp-json\/wp\/v2\/users\/1"}],"replies":[{"embeddable":true,"href":"https:\/\/www.kellal.louisst.o2switch.site\/blog\/wp-json\/wp\/v2\/comments?post=9"}],"version-history":[{"count":8,"href":"https:\/\/www.kellal.louisst.o2switch.site\/blog\/wp-json\/wp\/v2\/pages\/9\/revisions"}],"predecessor-version":[{"id":176,"href":"https:\/\/www.kellal.louisst.o2switch.site\/blog\/wp-json\/wp\/v2\/pages\/9\/revisions\/176"}],"wp:attachment":[{"href":"https:\/\/www.kellal.louisst.o2switch.site\/blog\/wp-json\/wp\/v2\/media?parent=9"}],"curies":[{"name":"wp","href":"https:\/\/api.w.org\/{rel}","templated":true}]}}