{"id":6,"date":"2024-09-25T12:28:37","date_gmt":"2024-09-25T12:28:37","guid":{"rendered":"https:\/\/www.kellal.louisst.o2switch.site\/blog\/?page_id=6"},"modified":"2024-11-13T12:32:56","modified_gmt":"2024-11-13T12:32:56","slug":"presentation","status":"publish","type":"page","link":"https:\/\/www.kellal.louisst.o2switch.site\/blog\/presentation\/","title":{"rendered":"Pr\u00e9sentation"},"content":{"rendered":"\n<p>Bonjour, je m\u2019appelle Rayan Kellal, j\u2019ai 18 ans et je suis actuellement \u00e9tudiant en premi\u00e8re ann\u00e9e de BTS NDRC (N\u00e9gociation et Digitalisation de la Relation Client).<br><\/p>\n\n\n\n<p><strong>Bienvenue sur Rayan &amp; Football !<\/strong><\/p>\n\n\n\n<p>Sur Rayan &amp; Football, nous partageons notre passion du football sous toutes ses formes, aussi bien sur le terrain que dans l\u2019univers des jeux vid\u00e9o. Si tu es fan de foot et de jeux vid\u00e9o, tu es au bon endroit !<\/p>\n\n\n\n<p><strong>\u26bd L\u2019Univers du Football<\/strong><\/p>\n\n\n\n<p>Nous suivons les derni\u00e8res nouvelles du monde du foot, avec des analyses de match, des performances des \u00e9quipes, et des profils de joueurs \u00e0 suivre. En plus des comp\u00e9titions, tu trouveras des conseils sur l\u2019entra\u00eenement, les \u00e9quipements, et les techniques pour progresser. Que tu sois joueur, supporter ou simple passionn\u00e9, on couvre tout ce qui fait vibrer les fans de foot !<\/p>\n\n\n\n<p><strong>\ud83c\udfae Jeux Vid\u00e9o : Le Football en Version Digitale<\/strong><\/p>\n\n\n\n<p>Pour ceux qui adorent jouer autant que regarder, Rayan &amp; Football explore aussi l\u2019univers des jeux de foot ! Nous parlons des jeux les plus populaires, comme <em>FIFA<\/em> et <em>eFootball<\/em>, et de certains jeux moins connus. D\u00e9couvre des astuces, des tests et des conseils pour t\u2019am\u00e9liorer et d\u00e9couvrir de nouvelles techniques.<\/p>\n\n\n\n<p><strong>\ud83d\udcf9 Clips FIFA et Conseils Techniques<\/strong><\/p>\n\n\n\n<p>En plus, je vais ajouter des clips de gameplay sur <em>FIFA<\/em> pour partager des techniques et aider les fans \u00e0 s\u2019am\u00e9liorer ! Que ce soit des dribbles, des gestes techniques ou des strat\u00e9gies de jeu, tu pourras apprendre les mouvements cl\u00e9s pour dominer sur le terrain virtuel.<\/p>\n","protected":false},"excerpt":{"rendered":"<p>Bonjour, je m\u2019appelle Rayan Kellal, j\u2019ai 18 ans et je suis actuellement \u00e9tudiant en premi\u00e8re ann\u00e9e de BTS NDRC (N\u00e9gociation [&hellip;]<\/p>\n","protected":false},"author":1,"featured_media":0,"parent":0,"menu_order":0,"comment_status":"closed","ping_status":"closed","template":"","meta":{"_uag_custom_page_level_css":"","site-sidebar-layout":"default","site-content-layout":"","ast-site-content-layout":"","site-content-style":"default","site-sidebar-style":"default","ast-global-header-display":"","ast-banner-title-visibility":"","ast-main-header-display":"","ast-hfb-above-header-display":"","ast-hfb-below-header-display":"","ast-hfb-mobile-header-display":"","site-post-title":"","ast-breadcrumbs-content":"","ast-featured-img":"","footer-sml-layout":"","theme-transparent-header-meta":"","adv-header-id-meta":"","stick-header-meta":"","header-above-stick-meta":"","header-main-stick-meta":"","header-below-stick-meta":"","astra-migrate-meta-layouts":"default","ast-page-background-enabled":"default","ast-page-background-meta":{"desktop":{"background-color":"var(--ast-global-color-4)","background-image":"","background-repeat":"repeat","background-position":"center center","background-size":"auto","background-attachment":"scroll","background-type":"","background-media":"","overlay-type":"","overlay-color":"","overlay-opacity":"","overlay-gradient":""},"tablet":{"background-color":"","background-image":"","background-repeat":"repeat","background-position":"center center","background-size":"auto","background-attachment":"scroll","background-type":"","background-media":"","overlay-type":"","overlay-color":"","overlay-opacity":"","overlay-gradient":""},"mobile":{"background-color":"","background-image":"","background-repeat":"repeat","background-position":"center center","background-size":"auto","background-attachment":"scroll","background-type":"","background-media":"","overlay-type":"","overlay-color":"","overlay-opacity":"","overlay-gradient":""}},"ast-content-background-meta":{"desktop":{"background-color":"var(--ast-global-color-5)","background-image":"","background-repeat":"repeat","background-position":"center center","background-size":"auto","background-attachment":"scroll","background-type":"","background-media":"","overlay-type":"","overlay-color":"","overlay-opacity":"","overlay-gradient":""},"tablet":{"background-color":"var(--ast-global-color-5)","background-image":"","background-repeat":"repeat","background-position":"center center","background-size":"auto","background-attachment":"scroll","background-type":"","background-media":"","overlay-type":"","overlay-color":"","overlay-opacity":"","overlay-gradient":""},"mobile":{"background-color":"var(--ast-global-color-5)","background-image":"","background-repeat":"repeat","background-position":"center center","background-size":"auto","background-attachment":"scroll","background-type":"","background-media":"","overlay-type":"","overlay-color":"","overlay-opacity":"","overlay-gradient":""}},"footnotes":""},"class_list":["post-6","page","type-page","status-publish","hentry"],"uagb_featured_image_src":{"full":false,"thumbnail":false,"medium":false,"medium_large":false,"large":false,"1536x1536":false,"2048x2048":false},"uagb_author_info":{"display_name":"admin","author_link":"https:\/\/www.kellal.louisst.o2switch.site\/blog\/author\/admin\/"},"uagb_comment_info":0,"uagb_excerpt":"Bonjour, je m\u2019appelle Rayan Kellal, j\u2019ai 18 ans et je suis actuellement \u00e9tudiant en premi\u00e8re ann\u00e9e de BTS NDRC (N\u00e9gociation [&hellip;]","_links":{"self":[{"href":"https:\/\/www.kellal.louisst.o2switch.site\/blog\/wp-json\/wp\/v2\/pages\/6","targetHints":{"allow":["GET"]}}],"collection":[{"href":"https:\/\/www.kellal.louisst.o2switch.site\/blog\/wp-json\/wp\/v2\/pages"}],"about":[{"href":"https:\/\/www.kellal.louisst.o2switch.site\/blog\/wp-json\/wp\/v2\/types\/page"}],"author":[{"embeddable":true,"href":"https:\/\/www.kellal.louisst.o2switch.site\/blog\/wp-json\/wp\/v2\/users\/1"}],"replies":[{"embeddable":true,"href":"https:\/\/www.kellal.louisst.o2switch.site\/blog\/wp-json\/wp\/v2\/comments?post=6"}],"version-history":[{"count":6,"href":"https:\/\/www.kellal.louisst.o2switch.site\/blog\/wp-json\/wp\/v2\/pages\/6\/revisions"}],"predecessor-version":[{"id":188,"href":"https:\/\/www.kellal.louisst.o2switch.site\/blog\/wp-json\/wp\/v2\/pages\/6\/revisions\/188"}],"wp:attachment":[{"href":"https:\/\/www.kellal.louisst.o2switch.site\/blog\/wp-json\/wp\/v2\/media?parent=6"}],"curies":[{"name":"wp","href":"https:\/\/api.w.org\/{rel}","templated":true}]}}