{"id":39,"date":"2024-09-25T12:56:17","date_gmt":"2024-09-25T12:56:17","guid":{"rendered":"https:\/\/www.kellal.louisst.o2switch.site\/blog\/?page_id=39"},"modified":"2024-11-13T10:08:56","modified_gmt":"2024-11-13T10:08:56","slug":"accueil","status":"publish","type":"page","link":"https:\/\/www.kellal.louisst.o2switch.site\/blog\/","title":{"rendered":"Accueil"},"content":{"rendered":"\n<p>Bienvenue sur Rayan &amp; Football, votre plateforme d\u00e9di\u00e9e \u00e0 la passion du football et des jeux vid\u00e9o ! Ce site a \u00e9t\u00e9 cr\u00e9\u00e9 pour rassembler tous les amateurs de ces deux univers fascinants. En tant que fervent passionn\u00e9 de football, je souhaite partager mes r\u00e9flexions, analyses et exp\u00e9riences avec vous, tout en cr\u00e9ant une communaut\u00e9 dynamique d\u2019\u00e9changes.<\/p>\n\n\n\n<p>Sur Rayan &amp; Football, vous trouverez plusieurs th\u00e9matiques captivantes. La section football vous propose des articles sur les derni\u00e8res actualit\u00e9s des championnats, des analyses approfondies de matchs, ainsi que des portraits de joueurs embl\u00e9matiques. Que vous soyez un joueur amateur souhaitant am\u00e9liorer vos comp\u00e9tences ou un fan d\u00e9sireux de rester inform\u00e9 sur les tendances du sport, cette section est faite pour vous. Vous pourrez \u00e9galement d\u00e9couvrir des conseils pratiques pour progresser sur le terrain, des exercices d\u2019entra\u00eenement et des anecdotes sur l\u2019histoire du football.<\/p>\n\n\n\n<p>En parall\u00e8le, la rubrique jeux vid\u00e9o met en lumi\u00e8re les titres les plus r\u00e9cents et populaires li\u00e9s au football comme FIFA. Vous y trouverez des critiques de jeux, des astuces pour optimiser votre exp\u00e9rience de jeu, et des tutoriels pour exceller dans vos parties. Je partage \u00e9galement des vid\u00e9os de gameplay et des recommandations de jeux qui allient le plaisir du sport \u00e0 l\u2019univers interactif.<\/p>\n\n\n\n<p><\/p>\n\n\n\n<p><\/p>\n\n\n\n<p>Si vous souhaitez me contacter, remplissez le formulaire ci-dessous :<\/p>\n\n\n\n<p>&#8211; Nom (obligatoire) : <br>&#8211; Pr\u00e9nom (obligatoire) : <br>&#8211; Adresse e-mail : <br>&#8211; Commentaires : <\/p>\n\n\n\n<p>Merci de visiter Rayan &amp; Football ! Je suis impatient de partager cette passion avec vous.<\/p>\n","protected":false},"excerpt":{"rendered":"<p>Bienvenue sur Rayan &amp; Football, votre plateforme d\u00e9di\u00e9e \u00e0 la passion du football et des jeux vid\u00e9o ! Ce site [&hellip;]<\/p>\n","protected":false},"author":1,"featured_media":0,"parent":0,"menu_order":0,"comment_status":"closed","ping_status":"closed","template":"","meta":{"_uag_custom_page_level_css":"","site-sidebar-layout":"default","site-content-layout":"","ast-site-content-layout":"","site-content-style":"default","site-sidebar-style":"default","ast-global-header-display":"","ast-banner-title-visibility":"","ast-main-header-display":"","ast-hfb-above-header-display":"","ast-hfb-below-header-display":"","ast-hfb-mobile-header-display":"","site-post-title":"","ast-breadcrumbs-content":"","ast-featured-img":"","footer-sml-layout":"","theme-transparent-header-meta":"","adv-header-id-meta":"","stick-header-meta":"","header-above-stick-meta":"","header-main-stick-meta":"","header-below-stick-meta":"","astra-migrate-meta-layouts":"default","ast-page-background-enabled":"default","ast-page-background-meta":{"desktop":{"background-color":"var(--ast-global-color-4)","background-image":"","background-repeat":"repeat","background-position":"center center","background-size":"auto","background-attachment":"scroll","background-type":"","background-media":"","overlay-type":"","overlay-color":"","overlay-opacity":"","overlay-gradient":""},"tablet":{"background-color":"","background-image":"","background-repeat":"repeat","background-position":"center center","background-size":"auto","background-attachment":"scroll","background-type":"","background-media":"","overlay-type":"","overlay-color":"","overlay-opacity":"","overlay-gradient":""},"mobile":{"background-color":"","background-image":"","background-repeat":"repeat","background-position":"center center","background-size":"auto","background-attachment":"scroll","background-type":"","background-media":"","overlay-type":"","overlay-color":"","overlay-opacity":"","overlay-gradient":""}},"ast-content-background-meta":{"desktop":{"background-color":"var(--ast-global-color-5)","background-image":"","background-repeat":"repeat","background-position":"center center","background-size":"auto","background-attachment":"scroll","background-type":"","background-media":"","overlay-type":"","overlay-color":"","overlay-opacity":"","overlay-gradient":""},"tablet":{"background-color":"var(--ast-global-color-5)","background-image":"","background-repeat":"repeat","background-position":"center center","background-size":"auto","background-attachment":"scroll","background-type":"","background-media":"","overlay-type":"","overlay-color":"","overlay-opacity":"","overlay-gradient":""},"mobile":{"background-color":"var(--ast-global-color-5)","background-image":"","background-repeat":"repeat","background-position":"center center","background-size":"auto","background-attachment":"scroll","background-type":"","background-media":"","overlay-type":"","overlay-color":"","overlay-opacity":"","overlay-gradient":""}},"footnotes":""},"class_list":["post-39","page","type-page","status-publish","hentry"],"uagb_featured_image_src":{"full":false,"thumbnail":false,"medium":false,"medium_large":false,"large":false,"1536x1536":false,"2048x2048":false},"uagb_author_info":{"display_name":"admin","author_link":"https:\/\/www.kellal.louisst.o2switch.site\/blog\/author\/admin\/"},"uagb_comment_info":0,"uagb_excerpt":"Bienvenue sur Rayan &amp; Football, votre plateforme d\u00e9di\u00e9e \u00e0 la passion du football et des jeux vid\u00e9o ! Ce site [&hellip;]","_links":{"self":[{"href":"https:\/\/www.kellal.louisst.o2switch.site\/blog\/wp-json\/wp\/v2\/pages\/39","targetHints":{"allow":["GET"]}}],"collection":[{"href":"https:\/\/www.kellal.louisst.o2switch.site\/blog\/wp-json\/wp\/v2\/pages"}],"about":[{"href":"https:\/\/www.kellal.louisst.o2switch.site\/blog\/wp-json\/wp\/v2\/types\/page"}],"author":[{"embeddable":true,"href":"https:\/\/www.kellal.louisst.o2switch.site\/blog\/wp-json\/wp\/v2\/users\/1"}],"replies":[{"embeddable":true,"href":"https:\/\/www.kellal.louisst.o2switch.site\/blog\/wp-json\/wp\/v2\/comments?post=39"}],"version-history":[{"count":4,"href":"https:\/\/www.kellal.louisst.o2switch.site\/blog\/wp-json\/wp\/v2\/pages\/39\/revisions"}],"predecessor-version":[{"id":159,"href":"https:\/\/www.kellal.louisst.o2switch.site\/blog\/wp-json\/wp\/v2\/pages\/39\/revisions\/159"}],"wp:attachment":[{"href":"https:\/\/www.kellal.louisst.o2switch.site\/blog\/wp-json\/wp\/v2\/media?parent=39"}],"curies":[{"name":"wp","href":"https:\/\/api.w.org\/{rel}","templated":true}]}}