{"id":249,"date":"2025-09-10T12:00:07","date_gmt":"2025-09-10T12:00:07","guid":{"rendered":"https:\/\/www.kellal.louisst.o2switch.site\/blog\/?page_id=249"},"modified":"2025-09-15T12:25:14","modified_gmt":"2025-09-15T12:25:14","slug":"animal","status":"publish","type":"page","link":"https:\/\/www.kellal.louisst.o2switch.site\/blog\/animal\/","title":{"rendered":"Animal"},"content":{"rendered":"\n<h2 class=\"wp-block-heading\"><strong>Qu\u2019est-ce qu\u2019un animal ?<\/strong><\/h2>\n\n\n\n<p>Un animal est un \u00eatre vivant organis\u00e9, g\u00e9n\u00e9ralement dou\u00e9 de sensibilit\u00e9 et de mobilit\u00e9. Contrairement aux v\u00e9g\u00e9taux, il se nourrit de substances organiques et peut se d\u00e9placer de mani\u00e8re volontaire. Dans le langage courant, on emploie souvent ce mot pour d\u00e9signer les \u00eatres vivants non humains.<\/p>\n\n\n\n<h3 class=\"wp-block-heading\"><strong>L\u2019origine du mot<\/strong><\/h3>\n\n\n\n<p>Le terme <em>animal<\/em> vient du latin <em>animal, -alis<\/em>, qui signifie \u00ab \u00eatre vivant, anim\u00e9 \u00bb. Il est lui-m\u00eame form\u00e9 \u00e0 partir de <em>anima<\/em> (\u00ab souffle, souffle vital, \u00e2me \u00bb), issu de la racine indo-europ\u00e9enne <em>ane-<\/em> (\u00ab respirer, souffler \u00bb). Dans la langue latine classique, le mot d\u00e9signait tout \u00eatre dot\u00e9 du souffle vital, aussi bien l\u2019homme que les b\u00eates. Ce n\u2019est qu\u2019au Moyen \u00c2ge qu\u2019il a pris un sens plus restreint, r\u00e9serv\u00e9 surtout aux \u00eatres vivants non humains.<\/p>\n\n\n\n<h3 class=\"wp-block-heading\"><strong>Mon compagnon, Amoura<\/strong><\/h3>\n\n\n\n<p>Dans ce cadre, j\u2019ai moi-m\u00eame choisi d\u2019adopter un animal : un jeune malinois m\u00e2le de 7 mois que j\u2019ai appel\u00e9 <strong>Amoura<\/strong>. J\u2019ai d\u00e9cid\u00e9 de le prendre parce que je voulais un compagnon protecteur, sportif et affectueux, capable de m\u2019accompagner autant dans mes activit\u00e9s que dans mon quotidien.<\/p>\n\n\n\n<p>Amoura est un chien vif et plein d\u2019\u00e9nergie, toujours pr\u00eat \u00e0 courir et \u00e0 explorer son environnement. Mais derri\u00e8re son temp\u00e9rament actif, il cache aussi une grande tendresse : il adore venir chercher le contact, poser sa t\u00eate sur mes genoux ou simplement me suivre partout. Bien s\u00fbr, \u00e0 son \u00e2ge, il reste parfois un peu maladroit ou t\u00eatu, mais chaque moment d\u2019\u00e9ducation renforce notre complicit\u00e9 et notre lien unique.<\/p>\n\n\n\n<figure class=\"wp-block-image size-full is-resized\"><img loading=\"lazy\" decoding=\"async\" width=\"952\" height=\"752\" src=\"https:\/\/www.kellal.louisst.o2switch.site\/blog\/wp-content\/uploads\/2025\/09\/image.png\" alt=\"\" class=\"wp-image-252\" style=\"width:405px;height:auto\" srcset=\"https:\/\/www.kellal.louisst.o2switch.site\/blog\/wp-content\/uploads\/2025\/09\/image.png 952w, https:\/\/www.kellal.louisst.o2switch.site\/blog\/wp-content\/uploads\/2025\/09\/image-300x237.png 300w, https:\/\/www.kellal.louisst.o2switch.site\/blog\/wp-content\/uploads\/2025\/09\/image-768x607.png 768w\" sizes=\"auto, (max-width: 952px) 100vw, 952px\" \/><\/figure>\n\n\n\n<p><\/p>\n","protected":false},"excerpt":{"rendered":"<p>Qu\u2019est-ce qu\u2019un animal ? Un animal est un \u00eatre vivant organis\u00e9, g\u00e9n\u00e9ralement dou\u00e9 de sensibilit\u00e9 et de mobilit\u00e9. Contrairement aux [&hellip;]<\/p>\n","protected":false},"author":1,"featured_media":0,"parent":0,"menu_order":0,"comment_status":"closed","ping_status":"closed","template":"","meta":{"_uag_custom_page_level_css":"","site-sidebar-layout":"default","site-content-layout":"","ast-site-content-layout":"","site-content-style":"default","site-sidebar-style":"default","ast-global-header-display":"","ast-banner-title-visibility":"","ast-main-header-display":"","ast-hfb-above-header-display":"","ast-hfb-below-header-display":"","ast-hfb-mobile-header-display":"","site-post-title":"","ast-breadcrumbs-content":"","ast-featured-img":"","footer-sml-layout":"","theme-transparent-header-meta":"","adv-header-id-meta":"","stick-header-meta":"","header-above-stick-meta":"","header-main-stick-meta":"","header-below-stick-meta":"","astra-migrate-meta-layouts":"default","ast-page-background-enabled":"default","ast-page-background-meta":{"desktop":{"background-color":"var(--ast-global-color-4)","background-image":"","background-repeat":"repeat","background-position":"center center","background-size":"auto","background-attachment":"scroll","background-type":"","background-media":"","overlay-type":"","overlay-color":"","overlay-opacity":"","overlay-gradient":""},"tablet":{"background-color":"","background-image":"","background-repeat":"repeat","background-position":"center center","background-size":"auto","background-attachment":"scroll","background-type":"","background-media":"","overlay-type":"","overlay-color":"","overlay-opacity":"","overlay-gradient":""},"mobile":{"background-color":"","background-image":"","background-repeat":"repeat","background-position":"center center","background-size":"auto","background-attachment":"scroll","background-type":"","background-media":"","overlay-type":"","overlay-color":"","overlay-opacity":"","overlay-gradient":""}},"ast-content-background-meta":{"desktop":{"background-color":"var(--ast-global-color-5)","background-image":"","background-repeat":"repeat","background-position":"center center","background-size":"auto","background-attachment":"scroll","background-type":"","background-media":"","overlay-type":"","overlay-color":"","overlay-opacity":"","overlay-gradient":""},"tablet":{"background-color":"var(--ast-global-color-5)","background-image":"","background-repeat":"repeat","background-position":"center center","background-size":"auto","background-attachment":"scroll","background-type":"","background-media":"","overlay-type":"","overlay-color":"","overlay-opacity":"","overlay-gradient":""},"mobile":{"background-color":"var(--ast-global-color-5)","background-image":"","background-repeat":"repeat","background-position":"center center","background-size":"auto","background-attachment":"scroll","background-type":"","background-media":"","overlay-type":"","overlay-color":"","overlay-opacity":"","overlay-gradient":""}},"footnotes":""},"class_list":["post-249","page","type-page","status-publish","hentry"],"uagb_featured_image_src":{"full":false,"thumbnail":false,"medium":false,"medium_large":false,"large":false,"1536x1536":false,"2048x2048":false},"uagb_author_info":{"display_name":"admin","author_link":"https:\/\/www.kellal.louisst.o2switch.site\/blog\/author\/admin\/"},"uagb_comment_info":0,"uagb_excerpt":"Qu\u2019est-ce qu\u2019un animal ? Un animal est un \u00eatre vivant organis\u00e9, g\u00e9n\u00e9ralement dou\u00e9 de sensibilit\u00e9 et de mobilit\u00e9. Contrairement aux [&hellip;]","_links":{"self":[{"href":"https:\/\/www.kellal.louisst.o2switch.site\/blog\/wp-json\/wp\/v2\/pages\/249","targetHints":{"allow":["GET"]}}],"collection":[{"href":"https:\/\/www.kellal.louisst.o2switch.site\/blog\/wp-json\/wp\/v2\/pages"}],"about":[{"href":"https:\/\/www.kellal.louisst.o2switch.site\/blog\/wp-json\/wp\/v2\/types\/page"}],"author":[{"embeddable":true,"href":"https:\/\/www.kellal.louisst.o2switch.site\/blog\/wp-json\/wp\/v2\/users\/1"}],"replies":[{"embeddable":true,"href":"https:\/\/www.kellal.louisst.o2switch.site\/blog\/wp-json\/wp\/v2\/comments?post=249"}],"version-history":[{"count":3,"href":"https:\/\/www.kellal.louisst.o2switch.site\/blog\/wp-json\/wp\/v2\/pages\/249\/revisions"}],"predecessor-version":[{"id":254,"href":"https:\/\/www.kellal.louisst.o2switch.site\/blog\/wp-json\/wp\/v2\/pages\/249\/revisions\/254"}],"wp:attachment":[{"href":"https:\/\/www.kellal.louisst.o2switch.site\/blog\/wp-json\/wp\/v2\/media?parent=249"}],"curies":[{"name":"wp","href":"https:\/\/api.w.org\/{rel}","templated":true}]}}