{"id":19,"date":"2024-09-25T12:39:14","date_gmt":"2024-09-25T12:39:14","guid":{"rendered":"https:\/\/www.kellal.louisst.o2switch.site\/blog\/?page_id=19"},"modified":"2024-11-13T10:48:45","modified_gmt":"2024-11-13T10:48:45","slug":"projet-professionnels","status":"publish","type":"page","link":"https:\/\/www.kellal.louisst.o2switch.site\/blog\/projet-professionnels\/","title":{"rendered":"Projet professionnels"},"content":{"rendered":"\n<p>Mon objectif est de me lancer dans une carri\u00e8re en marketing, en commen\u00e7ant par obtenir une licence en marketing ou en gestion d\u2019entreprise. Je souhaite approfondir mes connaissances en strat\u00e9gie marketing et en communication, tout en d\u00e9veloppant des comp\u00e9tences pratiques dans le domaine du marketing digital.<\/p>\n\n\n\n<p>Une fois ma licence obtenue, je compte me sp\u00e9cialiser dans un domaine du marketing, comme le marketing digital ou la gestion de la relation client. Je pr\u00e9vois de r\u00e9aliser des stages dans des entreprises ou agences pour acqu\u00e9rir de l\u2019exp\u00e9rience et mieux comprendre les enjeux du secteur.<\/p>\n\n\n\n<p>\u00c0 long terme, je souhaite poursuivre un master en marketing pour approfondir mes connaissances et devenir un expert dans mon domaine.&nbsp;<\/p>\n\n\n\n<figure class=\"wp-block-gallery has-nested-images columns-default is-cropped wp-block-gallery-1 is-layout-flex wp-block-gallery-is-layout-flex\">\n<figure class=\"wp-block-image size-large\"><img loading=\"lazy\" decoding=\"async\" width=\"640\" height=\"427\" data-id=\"184\" src=\"https:\/\/www.kellal.louisst.o2switch.site\/blog\/wp-content\/uploads\/2024\/11\/digital-marketing-5816304_640.jpg\" alt=\"\" class=\"wp-image-184\" srcset=\"https:\/\/www.kellal.louisst.o2switch.site\/blog\/wp-content\/uploads\/2024\/11\/digital-marketing-5816304_640.jpg 640w, https:\/\/www.kellal.louisst.o2switch.site\/blog\/wp-content\/uploads\/2024\/11\/digital-marketing-5816304_640-300x200.jpg 300w\" sizes=\"auto, (max-width: 640px) 100vw, 640px\" \/><\/figure>\n<\/figure>\n","protected":false},"excerpt":{"rendered":"<p>Mon objectif est de me lancer dans une carri\u00e8re en marketing, en commen\u00e7ant par obtenir une licence en marketing ou [&hellip;]<\/p>\n","protected":false},"author":1,"featured_media":0,"parent":0,"menu_order":0,"comment_status":"closed","ping_status":"closed","template":"","meta":{"_uag_custom_page_level_css":"","site-sidebar-layout":"default","site-content-layout":"","ast-site-content-layout":"","site-content-style":"default","site-sidebar-style":"default","ast-global-header-display":"","ast-banner-title-visibility":"","ast-main-header-display":"","ast-hfb-above-header-display":"","ast-hfb-below-header-display":"","ast-hfb-mobile-header-display":"","site-post-title":"","ast-breadcrumbs-content":"","ast-featured-img":"","footer-sml-layout":"","theme-transparent-header-meta":"","adv-header-id-meta":"","stick-header-meta":"","header-above-stick-meta":"","header-main-stick-meta":"","header-below-stick-meta":"","astra-migrate-meta-layouts":"default","ast-page-background-enabled":"default","ast-page-background-meta":{"desktop":{"background-color":"var(--ast-global-color-4)","background-image":"","background-repeat":"repeat","background-position":"center center","background-size":"auto","background-attachment":"scroll","background-type":"","background-media":"","overlay-type":"","overlay-color":"","overlay-opacity":"","overlay-gradient":""},"tablet":{"background-color":"","background-image":"","background-repeat":"repeat","background-position":"center center","background-size":"auto","background-attachment":"scroll","background-type":"","background-media":"","overlay-type":"","overlay-color":"","overlay-opacity":"","overlay-gradient":""},"mobile":{"background-color":"","background-image":"","background-repeat":"repeat","background-position":"center center","background-size":"auto","background-attachment":"scroll","background-type":"","background-media":"","overlay-type":"","overlay-color":"","overlay-opacity":"","overlay-gradient":""}},"ast-content-background-meta":{"desktop":{"background-color":"var(--ast-global-color-5)","background-image":"","background-repeat":"repeat","background-position":"center center","background-size":"auto","background-attachment":"scroll","background-type":"","background-media":"","overlay-type":"","overlay-color":"","overlay-opacity":"","overlay-gradient":""},"tablet":{"background-color":"var(--ast-global-color-5)","background-image":"","background-repeat":"repeat","background-position":"center center","background-size":"auto","background-attachment":"scroll","background-type":"","background-media":"","overlay-type":"","overlay-color":"","overlay-opacity":"","overlay-gradient":""},"mobile":{"background-color":"var(--ast-global-color-5)","background-image":"","background-repeat":"repeat","background-position":"center center","background-size":"auto","background-attachment":"scroll","background-type":"","background-media":"","overlay-type":"","overlay-color":"","overlay-opacity":"","overlay-gradient":""}},"footnotes":""},"class_list":["post-19","page","type-page","status-publish","hentry"],"uagb_featured_image_src":{"full":false,"thumbnail":false,"medium":false,"medium_large":false,"large":false,"1536x1536":false,"2048x2048":false},"uagb_author_info":{"display_name":"admin","author_link":"https:\/\/www.kellal.louisst.o2switch.site\/blog\/author\/admin\/"},"uagb_comment_info":0,"uagb_excerpt":"Mon objectif est de me lancer dans une carri\u00e8re en marketing, en commen\u00e7ant par obtenir une licence en marketing ou [&hellip;]","_links":{"self":[{"href":"https:\/\/www.kellal.louisst.o2switch.site\/blog\/wp-json\/wp\/v2\/pages\/19","targetHints":{"allow":["GET"]}}],"collection":[{"href":"https:\/\/www.kellal.louisst.o2switch.site\/blog\/wp-json\/wp\/v2\/pages"}],"about":[{"href":"https:\/\/www.kellal.louisst.o2switch.site\/blog\/wp-json\/wp\/v2\/types\/page"}],"author":[{"embeddable":true,"href":"https:\/\/www.kellal.louisst.o2switch.site\/blog\/wp-json\/wp\/v2\/users\/1"}],"replies":[{"embeddable":true,"href":"https:\/\/www.kellal.louisst.o2switch.site\/blog\/wp-json\/wp\/v2\/comments?post=19"}],"version-history":[{"count":3,"href":"https:\/\/www.kellal.louisst.o2switch.site\/blog\/wp-json\/wp\/v2\/pages\/19\/revisions"}],"predecessor-version":[{"id":185,"href":"https:\/\/www.kellal.louisst.o2switch.site\/blog\/wp-json\/wp\/v2\/pages\/19\/revisions\/185"}],"wp:attachment":[{"href":"https:\/\/www.kellal.louisst.o2switch.site\/blog\/wp-json\/wp\/v2\/media?parent=19"}],"curies":[{"name":"wp","href":"https:\/\/api.w.org\/{rel}","templated":true}]}}